{"id":89,"date":"2023-06-21T13:27:34","date_gmt":"2023-06-21T16:27:34","guid":{"rendered":"https:\/\/www.wljtreinamentos.com.br\/wordpress\/?page_id=89"},"modified":"2023-06-21T13:27:35","modified_gmt":"2023-06-21T16:27:35","slug":"baixe-gratis-o-e-book-maximizando-a-eficiencia-de-projetos-ageis-com-o-chatgpt","status":"publish","type":"page","link":"https:\/\/www.wljtreinamentos.com.br\/wordpress\/baixe-gratis-o-e-book-maximizando-a-eficiencia-de-projetos-ageis-com-o-chatgpt\/","title":{"rendered":"Baixe Gr\u00e1tis o E-book &#8220;Maximizando a Efici\u00eancia de Projetos \u00c1geis com o CHATGPT&#8221;"},"content":{"rendered":"\n<p>Aumente seu conhecimento sobre a aplica\u00e7\u00e3o da Intelig\u00eancia Artificial no Gerenciamento de Projetos \u00c1geis!<\/p>\n\n\n<div class=\"wp-block-image\">\n<figure class=\"aligncenter size-full\"><img fetchpriority=\"high\" decoding=\"async\" width=\"512\" height=\"800\" src=\"https:\/\/www.wljtreinamentos.com.br\/wordpress\/wp-content\/uploads\/2023\/06\/Maximizando-a-Eficiencia-de-Projetos-Ageis-com-o-CHATGPT.png\" alt=\"\" class=\"wp-image-90\" srcset=\"https:\/\/www.wljtreinamentos.com.br\/wordpress\/wp-content\/uploads\/2023\/06\/Maximizando-a-Eficiencia-de-Projetos-Ageis-com-o-CHATGPT.png 512w, https:\/\/www.wljtreinamentos.com.br\/wordpress\/wp-content\/uploads\/2023\/06\/Maximizando-a-Eficiencia-de-Projetos-Ageis-com-o-CHATGPT-192x300.png 192w\" sizes=\"(max-width: 512px) 100vw, 512px\" \/><\/figure>\n<\/div>\n\n\n<hr class=\"wp-block-separator has-alpha-channel-opacity\"\/>\n\n\n\n<p><strong>Por que voc\u00ea deveria ler este E-book?<\/strong><\/p>\n\n\n\n<ul class=\"wp-block-list\">\n<li>Compreenda o impacto e o potencial da Intelig\u00eancia Artificial e, especificamente, do Chatbot GPT-4 da OpenAI na gest\u00e3o de projetos \u00e1geis.<\/li>\n\n\n\n<li>Aprenda a implementar o Chatbot GPT-4 em seus pr\u00f3prios projetos.<\/li>\n\n\n\n<li>Descubra como superar desafios comuns e maximizar a efici\u00eancia de seus projetos.<\/li>\n<\/ul>\n\n\n\n<p><strong>O que voc\u00ea ganha ao se inscrever?<\/strong><\/p>\n\n\n\n<ul class=\"wp-block-list\">\n<li>Acesso instant\u00e2neo e gratuito ao E-book &#8220;Maximizando a Efici\u00eancia de Projetos \u00c1geis com o CHATGPT&#8221;.<\/li>\n\n\n\n<li>Atualiza\u00e7\u00f5es regulares sobre novos insights e tend\u00eancias na aplica\u00e7\u00e3o da Intelig\u00eancia Artificial em Gerenciamento de Projetos \u00c1geis.<\/li>\n\n\n\n<li>Informa\u00e7\u00f5es sobre nosso curso de Forma\u00e7\u00e3o em Scrum e outros recursos valiosos.<\/li>\n<\/ul>\n\n\n\n<hr class=\"wp-block-separator has-alpha-channel-opacity\"\/>\n\n\n\n<p><strong>Para receber seu e-book gratuito, insira seu endere\u00e7o de e-mail abaixo:<\/strong><\/p>\n\n\n\n<div id=\"mc_embed_shell\">\n      <link href=\"\/\/cdn-images.mailchimp.com\/embedcode\/classic-061523.css\" rel=\"stylesheet\" type=\"text\/css\">\n<div id=\"mc_embed_signup\">\n    <form action=\"https:\/\/wljtreinamentos.us21.list-manage.com\/subscribe\/post?u=42a42afe719c282378bb8c743&amp;id=e8bd79dde5&amp;f_id=002fd6e6f0\" method=\"post\" id=\"mc-embedded-subscribe-form\" name=\"mc-embedded-subscribe-form\" class=\"validate\" target=\"_blank\">\n        <div id=\"mc_embed_signup_scroll\"><h2>Obtenha gratuitamente o e-book &#8220;Maximizando a Efici\u00eancia de Projetos \u00c1geis com o CHATGPT&#8221;.<\/h2>\n            <div class=\"indicates-required\"><span class=\"asterisk\">*<\/span> Campos obrigat\u00f3rios<\/div>\n            <div class=\"mc-field-group\"><label for=\"mce-EMAIL\">E-Mail <span class=\"asterisk\">*<\/span><\/label><input type=\"email\" name=\"EMAIL\" class=\"required email\" id=\"mce-EMAIL\" required=\"\" value=\"\"><\/div><div class=\"mc-field-group\"><label for=\"mce-FNAME\">Nome <\/label><input type=\"text\" name=\"FNAME\" class=\" text\" id=\"mce-FNAME\" value=\"\"><\/div>\n<div hidden=\"\"><input type=\"hidden\" name=\"tags\" value=\"2818424\"><\/div>\n        <div id=\"mce-responses\" class=\"clear foot\">\n            <div class=\"response\" id=\"mce-error-response\" style=\"display: none;\"><\/div>\n            <div class=\"response\" id=\"mce-success-response\" style=\"display: none;\"><\/div>\n        <\/div>\n    <div aria-hidden=\"true\" style=\"position: absolute; left: -5000px;\">\n        \/* real people should not fill this in and expect good things &#8211; do not remove this or risk form bot signups *\/\n        <input type=\"text\" name=\"b_42a42afe719c282378bb8c743_e8bd79dde5\" tabindex=\"-1\" value=\"\">\n    <\/div>\n        <div class=\"optionalParent\">\n            <div class=\"clear foot\">\n                <input type=\"submit\" name=\"subscribe\" id=\"mc-embedded-subscribe\" class=\"button\" value=\"Obter E-Book\">\n                <p class=\"brandingLogo\" style=\"margin: 0px auto;\"><a href=\"http:\/\/eepurl.com\/isF81E\" title=\"Mailchimp - email marketing made easy and fun\"><img decoding=\"async\" src=\"https:\/\/eep.io\/mc-cdn-images\/template_images\/branding_logo_text_dark_dtp.svg\" alt=\"referral badge\"><\/a><\/p>\n            <\/div>\n        <\/div>\n    <\/div>\n<\/form>\n<\/div>\n<script type=\"text\/javascript\" src=\"\/\/s3.amazonaws.com\/downloads.mailchimp.com\/js\/mc-validate.js\"><\/script><script type=\"text\/javascript\">(function($) {window.fnames = new Array(); window.ftypes = new Array();fnames[0]=EMAIL;ftypes[0]=merge;,fnames[1]=FNAME;ftypes[1]=merge;,fnames[2]=LNAME;ftypes[2]=merge;,fnames[3]=ADDRESS;ftypes[3]=merge;,fnames[4]=PHONE;ftypes[4]=merge;,fnames[5]=BIRTHDAY;ftypes[5]=merge;false}(jQuery));var $mcj = jQuery.noConflict(true);<\/script><\/div>\n\n\n\n\n<hr class=\"wp-block-separator has-alpha-channel-opacity\"\/>\n\n\n\n<p>Ao fornecer seu e-mail, voc\u00ea concorda em receber comunica\u00e7\u00f5es futuras sobre o Curso de Forma\u00e7\u00e3o em Scrum e outros t\u00f3picos relevantes. Voc\u00ea pode cancelar a inscri\u00e7\u00e3o a qualquer momento.<\/p>\n\n\n\n<hr class=\"wp-block-separator has-alpha-channel-opacity\"\/>\n\n\n\n<p><strong>Junte-se a n\u00f3s hoje e d\u00ea o pr\u00f3ximo passo em sua jornada para se tornar um Gestor de Projetos \u00c1gil mais eficiente e informado.<\/strong><\/p>\n","protected":false},"excerpt":{"rendered":"<p>Aumente seu conhecimento sobre a aplica\u00e7\u00e3o da Intelig\u00eancia Artificial no Gerenciamento de Projetos \u00c1geis! Por que voc\u00ea deveria ler este E-book? O que voc\u00ea ganha ao se inscrever? Para receber seu e-book gratuito, insira seu endere\u00e7o de e-mail abaixo: Obtenha gratuitamente o e-book &#8220;Maximizando a Efici\u00eancia de Projetos \u00c1geis com o CHATGPT&#8221;. * Campos obrigat\u00f3rios [&hellip;]<\/p>\n","protected":false},"author":1,"featured_media":0,"parent":0,"menu_order":0,"comment_status":"closed","ping_status":"closed","template":"","meta":{"_monsterinsights_skip_tracking":false,"_monsterinsights_sitenote_active":false,"_monsterinsights_sitenote_note":"","_monsterinsights_sitenote_category":0,"footnotes":""},"class_list":["post-89","page","type-page","status-publish","hentry"],"yoast_head":"<!-- This site is optimized with the Yoast SEO plugin v27.4 - https:\/\/yoast.com\/product\/yoast-seo-wordpress\/ -->\n<title>Baixe Gr\u00e1tis o E-book &quot;Maximizando a Efici\u00eancia de Projetos \u00c1geis com o CHATGPT&quot; - Treinamentos em Gest\u00e3o \u00c1geis<\/title>\n<meta name=\"robots\" content=\"index, follow, max-snippet:-1, max-image-preview:large, max-video-preview:-1\" \/>\n<link rel=\"canonical\" href=\"https:\/\/www.wljtreinamentos.com.br\/wordpress\/baixe-gratis-o-e-book-maximizando-a-eficiencia-de-projetos-ageis-com-o-chatgpt\/\" \/>\n<meta property=\"og:locale\" content=\"pt_BR\" \/>\n<meta property=\"og:type\" content=\"article\" \/>\n<meta property=\"og:title\" content=\"Baixe Gr\u00e1tis o E-book &quot;Maximizando a Efici\u00eancia de Projetos \u00c1geis com o CHATGPT&quot; - Treinamentos em Gest\u00e3o \u00c1geis\" \/>\n<meta property=\"og:description\" content=\"Aumente seu conhecimento sobre a aplica\u00e7\u00e3o da Intelig\u00eancia Artificial no Gerenciamento de Projetos \u00c1geis! Por que voc\u00ea deveria ler este E-book? O que voc\u00ea ganha ao se inscrever? Para receber seu e-book gratuito, insira seu endere\u00e7o de e-mail abaixo: Obtenha gratuitamente o e-book &#8220;Maximizando a Efici\u00eancia de Projetos \u00c1geis com o CHATGPT&#8221;. * Campos obrigat\u00f3rios [&hellip;]\" \/>\n<meta property=\"og:url\" content=\"https:\/\/www.wljtreinamentos.com.br\/wordpress\/baixe-gratis-o-e-book-maximizando-a-eficiencia-de-projetos-ageis-com-o-chatgpt\/\" \/>\n<meta property=\"og:site_name\" content=\"Treinamentos em Gest\u00e3o \u00c1geis\" \/>\n<meta property=\"article:modified_time\" content=\"2023-06-21T16:27:35+00:00\" \/>\n<meta property=\"og:image\" content=\"https:\/\/www.wljtreinamentos.com.br\/wordpress\/wp-content\/uploads\/2023\/06\/Maximizando-a-Eficiencia-de-Projetos-Ageis-com-o-CHATGPT.png\" \/>\n<meta name=\"twitter:card\" content=\"summary_large_image\" \/>\n<meta name=\"twitter:label1\" content=\"Est. tempo de leitura\" \/>\n\t<meta name=\"twitter:data1\" content=\"2 minutos\" \/>\n<script type=\"application\/ld+json\" class=\"yoast-schema-graph\">{\"@context\":\"https:\\\/\\\/schema.org\",\"@graph\":[{\"@type\":\"WebPage\",\"@id\":\"https:\\\/\\\/www.wljtreinamentos.com.br\\\/wordpress\\\/baixe-gratis-o-e-book-maximizando-a-eficiencia-de-projetos-ageis-com-o-chatgpt\\\/\",\"url\":\"https:\\\/\\\/www.wljtreinamentos.com.br\\\/wordpress\\\/baixe-gratis-o-e-book-maximizando-a-eficiencia-de-projetos-ageis-com-o-chatgpt\\\/\",\"name\":\"Baixe Gr\u00e1tis o E-book \\\"Maximizando a Efici\u00eancia de Projetos \u00c1geis com o CHATGPT\\\" - Treinamentos em Gest\u00e3o \u00c1geis\",\"isPartOf\":{\"@id\":\"https:\\\/\\\/www.wljtreinamentos.com.br\\\/wordpress\\\/#website\"},\"primaryImageOfPage\":{\"@id\":\"https:\\\/\\\/www.wljtreinamentos.com.br\\\/wordpress\\\/baixe-gratis-o-e-book-maximizando-a-eficiencia-de-projetos-ageis-com-o-chatgpt\\\/#primaryimage\"},\"image\":{\"@id\":\"https:\\\/\\\/www.wljtreinamentos.com.br\\\/wordpress\\\/baixe-gratis-o-e-book-maximizando-a-eficiencia-de-projetos-ageis-com-o-chatgpt\\\/#primaryimage\"},\"thumbnailUrl\":\"https:\\\/\\\/www.wljtreinamentos.com.br\\\/wordpress\\\/wp-content\\\/uploads\\\/2023\\\/06\\\/Maximizando-a-Eficiencia-de-Projetos-Ageis-com-o-CHATGPT.png\",\"datePublished\":\"2023-06-21T16:27:34+00:00\",\"dateModified\":\"2023-06-21T16:27:35+00:00\",\"breadcrumb\":{\"@id\":\"https:\\\/\\\/www.wljtreinamentos.com.br\\\/wordpress\\\/baixe-gratis-o-e-book-maximizando-a-eficiencia-de-projetos-ageis-com-o-chatgpt\\\/#breadcrumb\"},\"inLanguage\":\"pt-BR\",\"potentialAction\":[{\"@type\":\"ReadAction\",\"target\":[\"https:\\\/\\\/www.wljtreinamentos.com.br\\\/wordpress\\\/baixe-gratis-o-e-book-maximizando-a-eficiencia-de-projetos-ageis-com-o-chatgpt\\\/\"]}]},{\"@type\":\"ImageObject\",\"inLanguage\":\"pt-BR\",\"@id\":\"https:\\\/\\\/www.wljtreinamentos.com.br\\\/wordpress\\\/baixe-gratis-o-e-book-maximizando-a-eficiencia-de-projetos-ageis-com-o-chatgpt\\\/#primaryimage\",\"url\":\"https:\\\/\\\/www.wljtreinamentos.com.br\\\/wordpress\\\/wp-content\\\/uploads\\\/2023\\\/06\\\/Maximizando-a-Eficiencia-de-Projetos-Ageis-com-o-CHATGPT.png\",\"contentUrl\":\"https:\\\/\\\/www.wljtreinamentos.com.br\\\/wordpress\\\/wp-content\\\/uploads\\\/2023\\\/06\\\/Maximizando-a-Eficiencia-de-Projetos-Ageis-com-o-CHATGPT.png\",\"width\":512,\"height\":800},{\"@type\":\"BreadcrumbList\",\"@id\":\"https:\\\/\\\/www.wljtreinamentos.com.br\\\/wordpress\\\/baixe-gratis-o-e-book-maximizando-a-eficiencia-de-projetos-ageis-com-o-chatgpt\\\/#breadcrumb\",\"itemListElement\":[{\"@type\":\"ListItem\",\"position\":1,\"name\":\"In\u00edcio\",\"item\":\"https:\\\/\\\/www.wljtreinamentos.com.br\\\/wordpress\\\/\"},{\"@type\":\"ListItem\",\"position\":2,\"name\":\"Baixe Gr\u00e1tis o E-book &#8220;Maximizando a Efici\u00eancia de Projetos \u00c1geis com o CHATGPT&#8221;\"}]},{\"@type\":\"WebSite\",\"@id\":\"https:\\\/\\\/www.wljtreinamentos.com.br\\\/wordpress\\\/#website\",\"url\":\"https:\\\/\\\/www.wljtreinamentos.com.br\\\/wordpress\\\/\",\"name\":\"Wlj Treinamentos\",\"description\":\"\",\"publisher\":{\"@id\":\"https:\\\/\\\/www.wljtreinamentos.com.br\\\/wordpress\\\/#\\\/schema\\\/person\\\/20958f62d38d67ece73bd786460fc38b\"},\"potentialAction\":[{\"@type\":\"SearchAction\",\"target\":{\"@type\":\"EntryPoint\",\"urlTemplate\":\"https:\\\/\\\/www.wljtreinamentos.com.br\\\/wordpress\\\/?s={search_term_string}\"},\"query-input\":{\"@type\":\"PropertyValueSpecification\",\"valueRequired\":true,\"valueName\":\"search_term_string\"}}],\"inLanguage\":\"pt-BR\"},{\"@type\":[\"Person\",\"Organization\"],\"@id\":\"https:\\\/\\\/www.wljtreinamentos.com.br\\\/wordpress\\\/#\\\/schema\\\/person\\\/20958f62d38d67ece73bd786460fc38b\",\"name\":\"William\",\"image\":{\"@type\":\"ImageObject\",\"inLanguage\":\"pt-BR\",\"@id\":\"https:\\\/\\\/www.wljtreinamentos.com.br\\\/wordpress\\\/wp-content\\\/uploads\\\/2023\\\/08\\\/34504526_transparent.png\",\"url\":\"https:\\\/\\\/www.wljtreinamentos.com.br\\\/wordpress\\\/wp-content\\\/uploads\\\/2023\\\/08\\\/34504526_transparent.png\",\"contentUrl\":\"https:\\\/\\\/www.wljtreinamentos.com.br\\\/wordpress\\\/wp-content\\\/uploads\\\/2023\\\/08\\\/34504526_transparent.png\",\"width\":2000,\"height\":2000,\"caption\":\"William\"},\"logo\":{\"@id\":\"https:\\\/\\\/www.wljtreinamentos.com.br\\\/wordpress\\\/wp-content\\\/uploads\\\/2023\\\/08\\\/34504526_transparent.png\"},\"sameAs\":[\"https:\\\/\\\/www.wljtreinamentos.com.br\\\/wordpress\"]}]}<\/script>\n<!-- \/ Yoast SEO plugin. -->","yoast_head_json":{"title":"Baixe Gr\u00e1tis o E-book \"Maximizando a Efici\u00eancia de Projetos \u00c1geis com o CHATGPT\" - Treinamentos em Gest\u00e3o \u00c1geis","robots":{"index":"index","follow":"follow","max-snippet":"max-snippet:-1","max-image-preview":"max-image-preview:large","max-video-preview":"max-video-preview:-1"},"canonical":"https:\/\/www.wljtreinamentos.com.br\/wordpress\/baixe-gratis-o-e-book-maximizando-a-eficiencia-de-projetos-ageis-com-o-chatgpt\/","og_locale":"pt_BR","og_type":"article","og_title":"Baixe Gr\u00e1tis o E-book \"Maximizando a Efici\u00eancia de Projetos \u00c1geis com o CHATGPT\" - Treinamentos em Gest\u00e3o \u00c1geis","og_description":"Aumente seu conhecimento sobre a aplica\u00e7\u00e3o da Intelig\u00eancia Artificial no Gerenciamento de Projetos \u00c1geis! Por que voc\u00ea deveria ler este E-book? O que voc\u00ea ganha ao se inscrever? Para receber seu e-book gratuito, insira seu endere\u00e7o de e-mail abaixo: Obtenha gratuitamente o e-book &#8220;Maximizando a Efici\u00eancia de Projetos \u00c1geis com o CHATGPT&#8221;. * Campos obrigat\u00f3rios [&hellip;]","og_url":"https:\/\/www.wljtreinamentos.com.br\/wordpress\/baixe-gratis-o-e-book-maximizando-a-eficiencia-de-projetos-ageis-com-o-chatgpt\/","og_site_name":"Treinamentos em Gest\u00e3o \u00c1geis","article_modified_time":"2023-06-21T16:27:35+00:00","og_image":[{"url":"https:\/\/www.wljtreinamentos.com.br\/wordpress\/wp-content\/uploads\/2023\/06\/Maximizando-a-Eficiencia-de-Projetos-Ageis-com-o-CHATGPT.png","type":"","width":"","height":""}],"twitter_card":"summary_large_image","twitter_misc":{"Est. tempo de leitura":"2 minutos"},"schema":{"@context":"https:\/\/schema.org","@graph":[{"@type":"WebPage","@id":"https:\/\/www.wljtreinamentos.com.br\/wordpress\/baixe-gratis-o-e-book-maximizando-a-eficiencia-de-projetos-ageis-com-o-chatgpt\/","url":"https:\/\/www.wljtreinamentos.com.br\/wordpress\/baixe-gratis-o-e-book-maximizando-a-eficiencia-de-projetos-ageis-com-o-chatgpt\/","name":"Baixe Gr\u00e1tis o E-book \"Maximizando a Efici\u00eancia de Projetos \u00c1geis com o CHATGPT\" - Treinamentos em Gest\u00e3o \u00c1geis","isPartOf":{"@id":"https:\/\/www.wljtreinamentos.com.br\/wordpress\/#website"},"primaryImageOfPage":{"@id":"https:\/\/www.wljtreinamentos.com.br\/wordpress\/baixe-gratis-o-e-book-maximizando-a-eficiencia-de-projetos-ageis-com-o-chatgpt\/#primaryimage"},"image":{"@id":"https:\/\/www.wljtreinamentos.com.br\/wordpress\/baixe-gratis-o-e-book-maximizando-a-eficiencia-de-projetos-ageis-com-o-chatgpt\/#primaryimage"},"thumbnailUrl":"https:\/\/www.wljtreinamentos.com.br\/wordpress\/wp-content\/uploads\/2023\/06\/Maximizando-a-Eficiencia-de-Projetos-Ageis-com-o-CHATGPT.png","datePublished":"2023-06-21T16:27:34+00:00","dateModified":"2023-06-21T16:27:35+00:00","breadcrumb":{"@id":"https:\/\/www.wljtreinamentos.com.br\/wordpress\/baixe-gratis-o-e-book-maximizando-a-eficiencia-de-projetos-ageis-com-o-chatgpt\/#breadcrumb"},"inLanguage":"pt-BR","potentialAction":[{"@type":"ReadAction","target":["https:\/\/www.wljtreinamentos.com.br\/wordpress\/baixe-gratis-o-e-book-maximizando-a-eficiencia-de-projetos-ageis-com-o-chatgpt\/"]}]},{"@type":"ImageObject","inLanguage":"pt-BR","@id":"https:\/\/www.wljtreinamentos.com.br\/wordpress\/baixe-gratis-o-e-book-maximizando-a-eficiencia-de-projetos-ageis-com-o-chatgpt\/#primaryimage","url":"https:\/\/www.wljtreinamentos.com.br\/wordpress\/wp-content\/uploads\/2023\/06\/Maximizando-a-Eficiencia-de-Projetos-Ageis-com-o-CHATGPT.png","contentUrl":"https:\/\/www.wljtreinamentos.com.br\/wordpress\/wp-content\/uploads\/2023\/06\/Maximizando-a-Eficiencia-de-Projetos-Ageis-com-o-CHATGPT.png","width":512,"height":800},{"@type":"BreadcrumbList","@id":"https:\/\/www.wljtreinamentos.com.br\/wordpress\/baixe-gratis-o-e-book-maximizando-a-eficiencia-de-projetos-ageis-com-o-chatgpt\/#breadcrumb","itemListElement":[{"@type":"ListItem","position":1,"name":"In\u00edcio","item":"https:\/\/www.wljtreinamentos.com.br\/wordpress\/"},{"@type":"ListItem","position":2,"name":"Baixe Gr\u00e1tis o E-book &#8220;Maximizando a Efici\u00eancia de Projetos \u00c1geis com o CHATGPT&#8221;"}]},{"@type":"WebSite","@id":"https:\/\/www.wljtreinamentos.com.br\/wordpress\/#website","url":"https:\/\/www.wljtreinamentos.com.br\/wordpress\/","name":"Wlj Treinamentos","description":"","publisher":{"@id":"https:\/\/www.wljtreinamentos.com.br\/wordpress\/#\/schema\/person\/20958f62d38d67ece73bd786460fc38b"},"potentialAction":[{"@type":"SearchAction","target":{"@type":"EntryPoint","urlTemplate":"https:\/\/www.wljtreinamentos.com.br\/wordpress\/?s={search_term_string}"},"query-input":{"@type":"PropertyValueSpecification","valueRequired":true,"valueName":"search_term_string"}}],"inLanguage":"pt-BR"},{"@type":["Person","Organization"],"@id":"https:\/\/www.wljtreinamentos.com.br\/wordpress\/#\/schema\/person\/20958f62d38d67ece73bd786460fc38b","name":"William","image":{"@type":"ImageObject","inLanguage":"pt-BR","@id":"https:\/\/www.wljtreinamentos.com.br\/wordpress\/wp-content\/uploads\/2023\/08\/34504526_transparent.png","url":"https:\/\/www.wljtreinamentos.com.br\/wordpress\/wp-content\/uploads\/2023\/08\/34504526_transparent.png","contentUrl":"https:\/\/www.wljtreinamentos.com.br\/wordpress\/wp-content\/uploads\/2023\/08\/34504526_transparent.png","width":2000,"height":2000,"caption":"William"},"logo":{"@id":"https:\/\/www.wljtreinamentos.com.br\/wordpress\/wp-content\/uploads\/2023\/08\/34504526_transparent.png"},"sameAs":["https:\/\/www.wljtreinamentos.com.br\/wordpress"]}]}},"_links":{"self":[{"href":"https:\/\/www.wljtreinamentos.com.br\/wordpress\/wp-json\/wp\/v2\/pages\/89","targetHints":{"allow":["GET"]}}],"collection":[{"href":"https:\/\/www.wljtreinamentos.com.br\/wordpress\/wp-json\/wp\/v2\/pages"}],"about":[{"href":"https:\/\/www.wljtreinamentos.com.br\/wordpress\/wp-json\/wp\/v2\/types\/page"}],"author":[{"embeddable":true,"href":"https:\/\/www.wljtreinamentos.com.br\/wordpress\/wp-json\/wp\/v2\/users\/1"}],"replies":[{"embeddable":true,"href":"https:\/\/www.wljtreinamentos.com.br\/wordpress\/wp-json\/wp\/v2\/comments?post=89"}],"version-history":[{"count":8,"href":"https:\/\/www.wljtreinamentos.com.br\/wordpress\/wp-json\/wp\/v2\/pages\/89\/revisions"}],"predecessor-version":[{"id":98,"href":"https:\/\/www.wljtreinamentos.com.br\/wordpress\/wp-json\/wp\/v2\/pages\/89\/revisions\/98"}],"wp:attachment":[{"href":"https:\/\/www.wljtreinamentos.com.br\/wordpress\/wp-json\/wp\/v2\/media?parent=89"}],"curies":[{"name":"wp","href":"https:\/\/api.w.org\/{rel}","templated":true}]}}