{"id":755,"date":"2023-12-10T13:10:57","date_gmt":"2023-12-10T16:10:57","guid":{"rendered":"https:\/\/www.wljtreinamentos.com.br\/wordpress\/?page_id=755"},"modified":"2023-12-10T16:00:22","modified_gmt":"2023-12-10T19:00:22","slug":"fale-conosco","status":"publish","type":"page","link":"https:\/\/www.wljtreinamentos.com.br\/wordpress\/fale-conosco\/","title":{"rendered":"Fale Conosco"},"content":{"rendered":"\t\t<div data-elementor-type=\"wp-page\" data-elementor-id=\"755\" class=\"elementor elementor-755\">\n\t\t\t\t\t\t<section class=\"elementor-section elementor-top-section elementor-element elementor-element-ececf5e elementor-section-boxed elementor-section-height-default elementor-section-height-default\" data-id=\"ececf5e\" data-element_type=\"section\" data-e-type=\"section\">\n\t\t\t\t\t\t<div class=\"elementor-container elementor-column-gap-default\">\n\t\t\t\t\t<div class=\"elementor-column elementor-col-100 elementor-top-column elementor-element elementor-element-7c6788f\" data-id=\"7c6788f\" data-element_type=\"column\" data-e-type=\"column\">\n\t\t\t<div class=\"elementor-widget-wrap elementor-element-populated\">\n\t\t\t\t\t\t<div class=\"elementor-element elementor-element-094f2c9 elementor-widget elementor-widget-text-editor\" data-id=\"094f2c9\" data-element_type=\"widget\" data-e-type=\"widget\" data-widget_type=\"text-editor.default\">\n\t\t\t\t<div class=\"elementor-widget-container\">\n\t\t\t\t\t\t\t\t\t<p>Queremos ouvir voc\u00ea! Se voc\u00ea tem perguntas, sugest\u00f5es ou precisa de assist\u00eancia, estamos aqui para ajudar. Preencha o formul\u00e1rio abaixo com suas informa\u00e7\u00f5es e mensagem. Seja para esclarecer d\u00favidas sobre nossos cursos, oferecer feedback, ou discutir oportunidades de parceria, sua opini\u00e3o \u00e9 valiosa para n\u00f3s. Ap\u00f3s enviar suas informa\u00e7\u00f5es, nossa equipe entrar\u00e1 em contato o mais breve poss\u00edvel.<\/p>\t\t\t\t\t\t\t\t<\/div>\n\t\t\t\t<\/div>\n\t\t\t\t\t<\/div>\n\t\t<\/div>\n\t\t\t\t\t<\/div>\n\t\t<\/section>\n\t\t\t\t<section class=\"elementor-section elementor-top-section elementor-element elementor-element-460136ec elementor-section-boxed elementor-section-height-default elementor-section-height-default\" data-id=\"460136ec\" data-element_type=\"section\" data-e-type=\"section\">\n\t\t\t\t\t\t<div class=\"elementor-container elementor-column-gap-default\">\n\t\t\t\t\t<div class=\"elementor-column elementor-col-100 elementor-top-column elementor-element elementor-element-f8b89fc\" data-id=\"f8b89fc\" data-element_type=\"column\" data-e-type=\"column\">\n\t\t\t<div class=\"elementor-widget-wrap elementor-element-populated\">\n\t\t\t\t\t\t<div class=\"elementor-element elementor-element-592e29f4 elementor-widget elementor-widget-shortcode\" data-id=\"592e29f4\" data-element_type=\"widget\" data-e-type=\"widget\" data-widget_type=\"shortcode.default\">\n\t\t\t\t<div class=\"elementor-widget-container\">\n\t\t\t\t\t\t\t<div class=\"elementor-shortcode\">\n<div class=\"wpcf7 no-js\" id=\"wpcf7-f8-o1\" lang=\"pt-BR\" dir=\"ltr\" data-wpcf7-id=\"8\">\n<div class=\"screen-reader-response\"><p role=\"status\" aria-live=\"polite\" aria-atomic=\"true\"><\/p> <ul><\/ul><\/div>\n<form action=\"\/wordpress\/wp-json\/wp\/v2\/pages\/755#wpcf7-f8-o1\" method=\"post\" class=\"wpcf7-form init\" aria-label=\"Formul\u00e1rios de contato\" novalidate=\"novalidate\" data-status=\"init\">\n<fieldset class=\"hidden-fields-container\"><input type=\"hidden\" name=\"_wpcf7\" value=\"8\" \/><input type=\"hidden\" name=\"_wpcf7_version\" value=\"6.1.5\" \/><input type=\"hidden\" name=\"_wpcf7_locale\" value=\"pt_BR\" \/><input type=\"hidden\" name=\"_wpcf7_unit_tag\" value=\"wpcf7-f8-o1\" \/><input type=\"hidden\" name=\"_wpcf7_container_post\" value=\"0\" \/><input type=\"hidden\" name=\"_wpcf7_posted_data_hash\" value=\"\" \/>\n<\/fieldset>\n<p><label> Seu nome<br \/>\n<span class=\"wpcf7-form-control-wrap\" data-name=\"your-name\"><input size=\"40\" maxlength=\"400\" class=\"wpcf7-form-control wpcf7-text wpcf7-validates-as-required\" autocomplete=\"name\" aria-required=\"true\" aria-invalid=\"false\" value=\"\" type=\"text\" name=\"your-name\" \/><\/span> <\/label>\n<\/p>\n<p><label> Seu e-mail<br \/>\n<span class=\"wpcf7-form-control-wrap\" data-name=\"your-email\"><input size=\"40\" maxlength=\"400\" class=\"wpcf7-form-control wpcf7-email wpcf7-validates-as-required wpcf7-text wpcf7-validates-as-email\" autocomplete=\"email\" aria-required=\"true\" aria-invalid=\"false\" value=\"\" type=\"email\" name=\"your-email\" \/><\/span> <\/label>\n<\/p>\n<p><label> Assunto<br \/>\n<span class=\"wpcf7-form-control-wrap\" data-name=\"your-subject\"><input size=\"40\" maxlength=\"400\" class=\"wpcf7-form-control wpcf7-text wpcf7-validates-as-required\" aria-required=\"true\" aria-invalid=\"false\" value=\"\" type=\"text\" name=\"your-subject\" \/><\/span> <\/label>\n<\/p>\n<p><label> Sua mensagem (opcional)<br \/>\n<span class=\"wpcf7-form-control-wrap\" data-name=\"your-message\"><textarea cols=\"40\" rows=\"10\" maxlength=\"2000\" class=\"wpcf7-form-control wpcf7-textarea\" aria-invalid=\"false\" name=\"your-message\"><\/textarea><\/span> <\/label>\n<\/p>\n<p><input class=\"wpcf7-form-control wpcf7-submit has-spinner\" type=\"submit\" value=\"Enviar\" \/>\n<\/p><p style=\"display: none !important;\" class=\"akismet-fields-container\" data-prefix=\"_wpcf7_ak_\"><label>&#916;<textarea name=\"_wpcf7_ak_hp_textarea\" cols=\"45\" rows=\"8\" maxlength=\"100\"><\/textarea><\/label><input type=\"hidden\" id=\"ak_js_1\" name=\"_wpcf7_ak_js\" value=\"166\"\/><script type=\"text\/javascript\">\n\/* <![CDATA[ *\/\ndocument.getElementById( \"ak_js_1\" ).setAttribute( \"value\", ( new Date() ).getTime() );\n\/* ]]> *\/\n<\/script>\n<\/p><div class=\"wpcf7-response-output\" aria-hidden=\"true\"><\/div>\n<\/form>\n<\/div>\n<\/div>\n\t\t\t\t\t\t<\/div>\n\t\t\t\t<\/div>\n\t\t\t\t\t<\/div>\n\t\t<\/div>\n\t\t\t\t\t<\/div>\n\t\t<\/section>\n\t\t\t\t<\/div>\n\t\t","protected":false},"excerpt":{"rendered":"<p>Queremos ouvir voc\u00ea! Se voc\u00ea tem perguntas, sugest\u00f5es ou precisa de assist\u00eancia, estamos aqui para ajudar. Preencha o formul\u00e1rio abaixo com suas informa\u00e7\u00f5es e mensagem. Seja para esclarecer d\u00favidas sobre nossos cursos, oferecer feedback, ou discutir oportunidades de parceria, sua opini\u00e3o \u00e9 valiosa para n\u00f3s. Ap\u00f3s enviar suas informa\u00e7\u00f5es, nossa equipe entrar\u00e1 em contato o [&hellip;]<\/p>\n","protected":false},"author":1,"featured_media":790,"parent":0,"menu_order":0,"comment_status":"closed","ping_status":"closed","template":"","meta":{"_monsterinsights_skip_tracking":false,"_monsterinsights_sitenote_active":false,"_monsterinsights_sitenote_note":"","_monsterinsights_sitenote_category":0,"footnotes":""},"class_list":["post-755","page","type-page","status-publish","has-post-thumbnail","hentry"],"yoast_head":"<!-- This site is optimized with the Yoast SEO plugin v27.4 - https:\/\/yoast.com\/product\/yoast-seo-wordpress\/ -->\n<title>Fale Conosco - Treinamentos em Gest\u00e3o \u00c1geis<\/title>\n<meta name=\"robots\" content=\"index, follow, max-snippet:-1, max-image-preview:large, max-video-preview:-1\" \/>\n<link rel=\"canonical\" href=\"https:\/\/www.wljtreinamentos.com.br\/wordpress\/fale-conosco\/\" \/>\n<meta property=\"og:locale\" content=\"pt_BR\" \/>\n<meta property=\"og:type\" content=\"article\" \/>\n<meta property=\"og:title\" content=\"Fale Conosco - Treinamentos em Gest\u00e3o \u00c1geis\" \/>\n<meta property=\"og:description\" content=\"Queremos ouvir voc\u00ea! Se voc\u00ea tem perguntas, sugest\u00f5es ou precisa de assist\u00eancia, estamos aqui para ajudar. Preencha o formul\u00e1rio abaixo com suas informa\u00e7\u00f5es e mensagem. Seja para esclarecer d\u00favidas sobre nossos cursos, oferecer feedback, ou discutir oportunidades de parceria, sua opini\u00e3o \u00e9 valiosa para n\u00f3s. Ap\u00f3s enviar suas informa\u00e7\u00f5es, nossa equipe entrar\u00e1 em contato o [&hellip;]\" \/>\n<meta property=\"og:url\" content=\"https:\/\/www.wljtreinamentos.com.br\/wordpress\/fale-conosco\/\" \/>\n<meta property=\"og:site_name\" content=\"Treinamentos em Gest\u00e3o \u00c1geis\" \/>\n<meta property=\"article:modified_time\" content=\"2023-12-10T19:00:22+00:00\" \/>\n<meta property=\"og:image\" content=\"https:\/\/www.wljtreinamentos.com.br\/wordpress\/wp-content\/uploads\/2023\/12\/Fala_Conosco-1024x585.png\" \/>\n\t<meta property=\"og:image:width\" content=\"1024\" \/>\n\t<meta property=\"og:image:height\" content=\"585\" \/>\n\t<meta property=\"og:image:type\" content=\"image\/png\" \/>\n<meta name=\"twitter:card\" content=\"summary_large_image\" \/>\n<meta name=\"twitter:label1\" content=\"Est. tempo de leitura\" \/>\n\t<meta name=\"twitter:data1\" content=\"1 minuto\" \/>\n<script type=\"application\/ld+json\" class=\"yoast-schema-graph\">{\"@context\":\"https:\\\/\\\/schema.org\",\"@graph\":[{\"@type\":\"WebPage\",\"@id\":\"https:\\\/\\\/www.wljtreinamentos.com.br\\\/wordpress\\\/fale-conosco\\\/\",\"url\":\"https:\\\/\\\/www.wljtreinamentos.com.br\\\/wordpress\\\/fale-conosco\\\/\",\"name\":\"Fale Conosco - Treinamentos em Gest\u00e3o \u00c1geis\",\"isPartOf\":{\"@id\":\"https:\\\/\\\/www.wljtreinamentos.com.br\\\/wordpress\\\/#website\"},\"primaryImageOfPage\":{\"@id\":\"https:\\\/\\\/www.wljtreinamentos.com.br\\\/wordpress\\\/fale-conosco\\\/#primaryimage\"},\"image\":{\"@id\":\"https:\\\/\\\/www.wljtreinamentos.com.br\\\/wordpress\\\/fale-conosco\\\/#primaryimage\"},\"thumbnailUrl\":\"https:\\\/\\\/www.wljtreinamentos.com.br\\\/wordpress\\\/wp-content\\\/uploads\\\/2023\\\/12\\\/Fala_Conosco.png\",\"datePublished\":\"2023-12-10T16:10:57+00:00\",\"dateModified\":\"2023-12-10T19:00:22+00:00\",\"breadcrumb\":{\"@id\":\"https:\\\/\\\/www.wljtreinamentos.com.br\\\/wordpress\\\/fale-conosco\\\/#breadcrumb\"},\"inLanguage\":\"pt-BR\",\"potentialAction\":[{\"@type\":\"ReadAction\",\"target\":[\"https:\\\/\\\/www.wljtreinamentos.com.br\\\/wordpress\\\/fale-conosco\\\/\"]}]},{\"@type\":\"ImageObject\",\"inLanguage\":\"pt-BR\",\"@id\":\"https:\\\/\\\/www.wljtreinamentos.com.br\\\/wordpress\\\/fale-conosco\\\/#primaryimage\",\"url\":\"https:\\\/\\\/www.wljtreinamentos.com.br\\\/wordpress\\\/wp-content\\\/uploads\\\/2023\\\/12\\\/Fala_Conosco.png\",\"contentUrl\":\"https:\\\/\\\/www.wljtreinamentos.com.br\\\/wordpress\\\/wp-content\\\/uploads\\\/2023\\\/12\\\/Fala_Conosco.png\",\"width\":1792,\"height\":1024},{\"@type\":\"BreadcrumbList\",\"@id\":\"https:\\\/\\\/www.wljtreinamentos.com.br\\\/wordpress\\\/fale-conosco\\\/#breadcrumb\",\"itemListElement\":[{\"@type\":\"ListItem\",\"position\":1,\"name\":\"In\u00edcio\",\"item\":\"https:\\\/\\\/www.wljtreinamentos.com.br\\\/wordpress\\\/\"},{\"@type\":\"ListItem\",\"position\":2,\"name\":\"Fale Conosco\"}]},{\"@type\":\"WebSite\",\"@id\":\"https:\\\/\\\/www.wljtreinamentos.com.br\\\/wordpress\\\/#website\",\"url\":\"https:\\\/\\\/www.wljtreinamentos.com.br\\\/wordpress\\\/\",\"name\":\"Wlj Treinamentos\",\"description\":\"\",\"publisher\":{\"@id\":\"https:\\\/\\\/www.wljtreinamentos.com.br\\\/wordpress\\\/#\\\/schema\\\/person\\\/20958f62d38d67ece73bd786460fc38b\"},\"potentialAction\":[{\"@type\":\"SearchAction\",\"target\":{\"@type\":\"EntryPoint\",\"urlTemplate\":\"https:\\\/\\\/www.wljtreinamentos.com.br\\\/wordpress\\\/?s={search_term_string}\"},\"query-input\":{\"@type\":\"PropertyValueSpecification\",\"valueRequired\":true,\"valueName\":\"search_term_string\"}}],\"inLanguage\":\"pt-BR\"},{\"@type\":[\"Person\",\"Organization\"],\"@id\":\"https:\\\/\\\/www.wljtreinamentos.com.br\\\/wordpress\\\/#\\\/schema\\\/person\\\/20958f62d38d67ece73bd786460fc38b\",\"name\":\"William\",\"image\":{\"@type\":\"ImageObject\",\"inLanguage\":\"pt-BR\",\"@id\":\"https:\\\/\\\/www.wljtreinamentos.com.br\\\/wordpress\\\/wp-content\\\/uploads\\\/2023\\\/08\\\/34504526_transparent.png\",\"url\":\"https:\\\/\\\/www.wljtreinamentos.com.br\\\/wordpress\\\/wp-content\\\/uploads\\\/2023\\\/08\\\/34504526_transparent.png\",\"contentUrl\":\"https:\\\/\\\/www.wljtreinamentos.com.br\\\/wordpress\\\/wp-content\\\/uploads\\\/2023\\\/08\\\/34504526_transparent.png\",\"width\":2000,\"height\":2000,\"caption\":\"William\"},\"logo\":{\"@id\":\"https:\\\/\\\/www.wljtreinamentos.com.br\\\/wordpress\\\/wp-content\\\/uploads\\\/2023\\\/08\\\/34504526_transparent.png\"},\"sameAs\":[\"https:\\\/\\\/www.wljtreinamentos.com.br\\\/wordpress\"]}]}<\/script>\n<!-- \/ Yoast SEO plugin. -->","yoast_head_json":{"title":"Fale Conosco - Treinamentos em Gest\u00e3o \u00c1geis","robots":{"index":"index","follow":"follow","max-snippet":"max-snippet:-1","max-image-preview":"max-image-preview:large","max-video-preview":"max-video-preview:-1"},"canonical":"https:\/\/www.wljtreinamentos.com.br\/wordpress\/fale-conosco\/","og_locale":"pt_BR","og_type":"article","og_title":"Fale Conosco - Treinamentos em Gest\u00e3o \u00c1geis","og_description":"Queremos ouvir voc\u00ea! Se voc\u00ea tem perguntas, sugest\u00f5es ou precisa de assist\u00eancia, estamos aqui para ajudar. Preencha o formul\u00e1rio abaixo com suas informa\u00e7\u00f5es e mensagem. Seja para esclarecer d\u00favidas sobre nossos cursos, oferecer feedback, ou discutir oportunidades de parceria, sua opini\u00e3o \u00e9 valiosa para n\u00f3s. Ap\u00f3s enviar suas informa\u00e7\u00f5es, nossa equipe entrar\u00e1 em contato o [&hellip;]","og_url":"https:\/\/www.wljtreinamentos.com.br\/wordpress\/fale-conosco\/","og_site_name":"Treinamentos em Gest\u00e3o \u00c1geis","article_modified_time":"2023-12-10T19:00:22+00:00","og_image":[{"width":1024,"height":585,"url":"https:\/\/www.wljtreinamentos.com.br\/wordpress\/wp-content\/uploads\/2023\/12\/Fala_Conosco-1024x585.png","type":"image\/png"}],"twitter_card":"summary_large_image","twitter_misc":{"Est. tempo de leitura":"1 minuto"},"schema":{"@context":"https:\/\/schema.org","@graph":[{"@type":"WebPage","@id":"https:\/\/www.wljtreinamentos.com.br\/wordpress\/fale-conosco\/","url":"https:\/\/www.wljtreinamentos.com.br\/wordpress\/fale-conosco\/","name":"Fale Conosco - Treinamentos em Gest\u00e3o \u00c1geis","isPartOf":{"@id":"https:\/\/www.wljtreinamentos.com.br\/wordpress\/#website"},"primaryImageOfPage":{"@id":"https:\/\/www.wljtreinamentos.com.br\/wordpress\/fale-conosco\/#primaryimage"},"image":{"@id":"https:\/\/www.wljtreinamentos.com.br\/wordpress\/fale-conosco\/#primaryimage"},"thumbnailUrl":"https:\/\/www.wljtreinamentos.com.br\/wordpress\/wp-content\/uploads\/2023\/12\/Fala_Conosco.png","datePublished":"2023-12-10T16:10:57+00:00","dateModified":"2023-12-10T19:00:22+00:00","breadcrumb":{"@id":"https:\/\/www.wljtreinamentos.com.br\/wordpress\/fale-conosco\/#breadcrumb"},"inLanguage":"pt-BR","potentialAction":[{"@type":"ReadAction","target":["https:\/\/www.wljtreinamentos.com.br\/wordpress\/fale-conosco\/"]}]},{"@type":"ImageObject","inLanguage":"pt-BR","@id":"https:\/\/www.wljtreinamentos.com.br\/wordpress\/fale-conosco\/#primaryimage","url":"https:\/\/www.wljtreinamentos.com.br\/wordpress\/wp-content\/uploads\/2023\/12\/Fala_Conosco.png","contentUrl":"https:\/\/www.wljtreinamentos.com.br\/wordpress\/wp-content\/uploads\/2023\/12\/Fala_Conosco.png","width":1792,"height":1024},{"@type":"BreadcrumbList","@id":"https:\/\/www.wljtreinamentos.com.br\/wordpress\/fale-conosco\/#breadcrumb","itemListElement":[{"@type":"ListItem","position":1,"name":"In\u00edcio","item":"https:\/\/www.wljtreinamentos.com.br\/wordpress\/"},{"@type":"ListItem","position":2,"name":"Fale Conosco"}]},{"@type":"WebSite","@id":"https:\/\/www.wljtreinamentos.com.br\/wordpress\/#website","url":"https:\/\/www.wljtreinamentos.com.br\/wordpress\/","name":"Wlj Treinamentos","description":"","publisher":{"@id":"https:\/\/www.wljtreinamentos.com.br\/wordpress\/#\/schema\/person\/20958f62d38d67ece73bd786460fc38b"},"potentialAction":[{"@type":"SearchAction","target":{"@type":"EntryPoint","urlTemplate":"https:\/\/www.wljtreinamentos.com.br\/wordpress\/?s={search_term_string}"},"query-input":{"@type":"PropertyValueSpecification","valueRequired":true,"valueName":"search_term_string"}}],"inLanguage":"pt-BR"},{"@type":["Person","Organization"],"@id":"https:\/\/www.wljtreinamentos.com.br\/wordpress\/#\/schema\/person\/20958f62d38d67ece73bd786460fc38b","name":"William","image":{"@type":"ImageObject","inLanguage":"pt-BR","@id":"https:\/\/www.wljtreinamentos.com.br\/wordpress\/wp-content\/uploads\/2023\/08\/34504526_transparent.png","url":"https:\/\/www.wljtreinamentos.com.br\/wordpress\/wp-content\/uploads\/2023\/08\/34504526_transparent.png","contentUrl":"https:\/\/www.wljtreinamentos.com.br\/wordpress\/wp-content\/uploads\/2023\/08\/34504526_transparent.png","width":2000,"height":2000,"caption":"William"},"logo":{"@id":"https:\/\/www.wljtreinamentos.com.br\/wordpress\/wp-content\/uploads\/2023\/08\/34504526_transparent.png"},"sameAs":["https:\/\/www.wljtreinamentos.com.br\/wordpress"]}]}},"_links":{"self":[{"href":"https:\/\/www.wljtreinamentos.com.br\/wordpress\/wp-json\/wp\/v2\/pages\/755","targetHints":{"allow":["GET"]}}],"collection":[{"href":"https:\/\/www.wljtreinamentos.com.br\/wordpress\/wp-json\/wp\/v2\/pages"}],"about":[{"href":"https:\/\/www.wljtreinamentos.com.br\/wordpress\/wp-json\/wp\/v2\/types\/page"}],"author":[{"embeddable":true,"href":"https:\/\/www.wljtreinamentos.com.br\/wordpress\/wp-json\/wp\/v2\/users\/1"}],"replies":[{"embeddable":true,"href":"https:\/\/www.wljtreinamentos.com.br\/wordpress\/wp-json\/wp\/v2\/comments?post=755"}],"version-history":[{"count":10,"href":"https:\/\/www.wljtreinamentos.com.br\/wordpress\/wp-json\/wp\/v2\/pages\/755\/revisions"}],"predecessor-version":[{"id":793,"href":"https:\/\/www.wljtreinamentos.com.br\/wordpress\/wp-json\/wp\/v2\/pages\/755\/revisions\/793"}],"wp:featuredmedia":[{"embeddable":true,"href":"https:\/\/www.wljtreinamentos.com.br\/wordpress\/wp-json\/wp\/v2\/media\/790"}],"wp:attachment":[{"href":"https:\/\/www.wljtreinamentos.com.br\/wordpress\/wp-json\/wp\/v2\/media?parent=755"}],"curies":[{"name":"wp","href":"https:\/\/api.w.org\/{rel}","templated":true}]}}