{"id":25,"date":"2023-06-04T00:03:30","date_gmt":"2023-06-04T03:03:30","guid":{"rendered":"https:\/\/www.wljtreinamentos.com.br\/wordpress\/?page_id=25"},"modified":"2023-06-04T11:38:44","modified_gmt":"2023-06-04T14:38:44","slug":"manifesto_agil","status":"publish","type":"page","link":"https:\/\/www.wljtreinamentos.com.br\/wordpress\/manifesto_agil\/","title":{"rendered":"Conquiste Sua Certifica\u00e7\u00e3o PSM-I com o Scrum: Fa\u00e7a parte da nossa Lista VIP!"},"content":{"rendered":"\n<p><\/p>\n\n\n\n<h2 class=\"wp-block-heading\">Cadastre-se agora e receba GRATUITAMENTE o e-book &#8220;O Manifesto \u00c1gil e as Principais Certifica\u00e7\u00f5es em Scrum&#8221;!<\/h2>\n\n\n\n<p> <\/p>\n\n\n\n<p>Voc\u00ea \u00e9 um profissional de TI apaixonado por agilidade e efici\u00eancia? Est\u00e1 buscando melhorar suas habilidades em gerenciamento de projetos e adotar a metodologia Scrum?<\/p>\n\n\n\n<p>Ent\u00e3o voc\u00ea est\u00e1 no lugar certo!<\/p>\n\n\n\n<p>Estamos oferecendo a oportunidade exclusiva de se inscrever em nossa Lista VIP. Como membro, voc\u00ea ter\u00e1 acesso priorit\u00e1rio ao nosso conte\u00fado de alta qualidade, especialmente selecionado para ajud\u00e1-lo a aprofundar seus conhecimentos em Scrum e se preparar para a certifica\u00e7\u00e3o PSM-I.<\/p>\n\n\n\n<p>E para come\u00e7ar, estamos oferecendo um presente especial: um e-book gratuito &#8220;O Manifesto \u00c1gil e as Principais Certifica\u00e7\u00f5es em Scrum&#8221;. Este livro digital cont\u00e9m informa\u00e7\u00f5es valiosas que ir\u00e3o ajud\u00e1-lo a entender melhor o mundo do Scrum e as certifica\u00e7\u00f5es dispon\u00edveis.<\/p>\n\n\n\n<p>Ent\u00e3o, o que voc\u00ea est\u00e1 esperando? Cadastre-se agora e comece sua jornada para se tornar um mestre em Scrum!<\/p>\n\n\n\n<p><strong>Depoimentos<\/strong><\/p>\n\n\n\n<blockquote class=\"wp-block-quote is-layout-flow wp-block-quote-is-layout-flow\">\n<p>&#8220;Ao me inscrever na lista VIP, eu realmente me senti parte de algo especial. O conte\u00fado oferecido \u00e9 de qualidade superior e realmente me ajudou a entender o Scrum de uma forma mais profunda.&#8221; &#8211; Ana Silva, Analista de Projetos de TI<\/p>\n<\/blockquote>\n\n\n\n<blockquote class=\"wp-block-quote is-layout-flow wp-block-quote-is-layout-flow\">\n<p>&#8220;A entrega do e-book foi instant\u00e2nea e o conte\u00fado \u00e9 muito bem explicado. Estou ansioso para continuar recebendo mais informa\u00e7\u00f5es \u00fateis desta equipe.&#8221; &#8211; Jo\u00e3o Costa, Desenvolvedor de Software<\/p>\n<\/blockquote>\n\n\n\n<hr class=\"wp-block-separator has-alpha-channel-opacity\"\/>\n\n\n\n<p><strong>N\u00e3o perca mais tempo! Junte-se \u00e0 nossa comunidade de profissionais de TI dedicados e comece a aprimorar suas habilidades em Scrum hoje!<\/strong><\/p>\n\n\n\n<p><\/p>\n\n\n\n<!-- Begin Mailchimp Signup Form -->\n<link href=\"\/\/cdn-images.mailchimp.com\/embedcode\/classic-071822.css\" rel=\"stylesheet\" type=\"text\/css\">\n<style type=\"text\/css\">\n\t#mc_embed_signup{background:#fff; clear:left; font:14px Helvetica,Arial,sans-serif;  width:600px;}\n\t\/* Add your own Mailchimp form style overrides in your site stylesheet or in this style block.\n\t   We recommend moving this block and the preceding CSS link to the HEAD of your HTML file. *\/\n<\/style>\n<div id=\"mc_embed_signup\">\n    <form action=\"https:\/\/wljtreinamentos.us21.list-manage.com\/subscribe\/post?u=42a42afe719c282378bb8c743&amp;id=e8bd79dde5&amp;f_id=002fd6e6f0\" method=\"post\" id=\"mc-embedded-subscribe-form\" name=\"mc-embedded-subscribe-form\" class=\"validate\" target=\"_blank\" novalidate>\n        <div id=\"mc_embed_signup_scroll\">\n        <h2>Obtenha gratuitamente o e-book O Manifesto \u00c1gil e as principais Certifica\u00e7\u00f5es em Scrum.<\/h2>\n        <div class=\"indicates-required\"><span class=\"asterisk\">*<\/span> indicates required<\/div>\n<div class=\"mc-field-group\">\n\t<label for=\"mce-EMAIL\">Email <span class=\"asterisk\">*<\/span>\n<\/label>\n\t<input type=\"email\" value=\"\" name=\"EMAIL\" class=\"required email\" id=\"mce-EMAIL\" required>\n\t<span id=\"mce-EMAIL-HELPERTEXT\" class=\"helper_text\"><\/span>\n<\/div>\n<div class=\"mc-field-group\">\n\t<label for=\"mce-FNAME\">Primeiro Nome <\/label>\n\t<input type=\"text\" value=\"\" name=\"FNAME\" class=\"\" id=\"mce-FNAME\">\n\t<span id=\"mce-FNAME-HELPERTEXT\" class=\"helper_text\"><\/span>\n<\/div>\n\t<div id=\"mce-responses\" class=\"clear foot\">\n\t\t<div class=\"response\" id=\"mce-error-response\" style=\"display:none\"><\/div>\n\t\t<div class=\"response\" id=\"mce-success-response\" style=\"display:none\"><\/div>\n\t<\/div>    <!-- real people should not fill this in and expect good things - do not remove this or risk form bot signups-->\n    <div style=\"position: absolute; left: -5000px;\" aria-hidden=\"true\"><input type=\"text\" name=\"b_42a42afe719c282378bb8c743_e8bd79dde5\" tabindex=\"-1\" value=\"\"><\/div>\n        <div class=\"optionalParent\">\n            <div class=\"clear foot\">\n                <input type=\"submit\" value=\"Subscribe\" name=\"subscribe\" id=\"mc-embedded-subscribe\" class=\"button\">\n                <p class=\"brandingLogo\"><a href=\"http:\/\/eepurl.com\/isF81E\" title=\"Mailchimp - email marketing made easy and fun\"><img decoding=\"async\" src=\"https:\/\/eep.io\/mc-cdn-images\/template_images\/branding_logo_text_dark_dtp.svg\"><\/a><\/p>\n            <\/div>\n        <\/div>\n    <\/div>\n<\/form>\n<\/div>\n<script type='text\/javascript' src='\/\/s3.amazonaws.com\/downloads.mailchimp.com\/js\/mc-validate.js'><\/script><script type='text\/javascript'>(function($) {window.fnames = new Array(); window.ftypes = new Array();fnames[0]='EMAIL';ftypes[0]='email';fnames[1]='FNAME';ftypes[1]='text';fnames[2]='LNAME';ftypes[2]='text';fnames[3]='ADDRESS';ftypes[3]='address';fnames[4]='PHONE';ftypes[4]='phone';fnames[5]='BIRTHDAY';ftypes[5]='birthday';}(jQuery));var $mcj = jQuery.noConflict(true);<\/script>\n<!--End mc_embed_signup-->\n\n\n\n<p>Respeitamos sua privacidade. Seu e-mail est\u00e1 seguro conosco e voc\u00ea pode cancelar a inscri\u00e7\u00e3o a qualquer momento.<\/p>\n","protected":false},"excerpt":{"rendered":"<p>Cadastre-se agora e receba GRATUITAMENTE o e-book &#8220;O Manifesto \u00c1gil e as Principais Certifica\u00e7\u00f5es em Scrum&#8221;! Voc\u00ea \u00e9 um profissional de TI apaixonado por agilidade e efici\u00eancia? Est\u00e1 buscando melhorar suas habilidades em gerenciamento de projetos e adotar a metodologia Scrum? Ent\u00e3o voc\u00ea est\u00e1 no lugar certo! Estamos oferecendo a oportunidade exclusiva de se inscrever [&hellip;]<\/p>\n","protected":false},"author":1,"featured_media":33,"parent":0,"menu_order":0,"comment_status":"closed","ping_status":"closed","template":"page-fullwidth.php","meta":{"_monsterinsights_skip_tracking":false,"_monsterinsights_sitenote_active":false,"_monsterinsights_sitenote_note":"","_monsterinsights_sitenote_category":0,"footnotes":""},"class_list":["post-25","page","type-page","status-publish","has-post-thumbnail","hentry"],"yoast_head":"<!-- This site is optimized with the Yoast SEO plugin v27.4 - https:\/\/yoast.com\/product\/yoast-seo-wordpress\/ -->\n<title>Conquiste Sua Certifica\u00e7\u00e3o PSM-I com o Scrum: Fa\u00e7a parte da nossa Lista VIP! - Treinamentos em Gest\u00e3o \u00c1geis<\/title>\n<meta name=\"robots\" content=\"index, follow, max-snippet:-1, max-image-preview:large, max-video-preview:-1\" \/>\n<link rel=\"canonical\" href=\"https:\/\/www.wljtreinamentos.com.br\/wordpress\/manifesto_agil\/\" \/>\n<meta property=\"og:locale\" content=\"pt_BR\" \/>\n<meta property=\"og:type\" content=\"article\" \/>\n<meta property=\"og:title\" content=\"Conquiste Sua Certifica\u00e7\u00e3o PSM-I com o Scrum: Fa\u00e7a parte da nossa Lista VIP! - Treinamentos em Gest\u00e3o \u00c1geis\" \/>\n<meta property=\"og:description\" content=\"Cadastre-se agora e receba GRATUITAMENTE o e-book &#8220;O Manifesto \u00c1gil e as Principais Certifica\u00e7\u00f5es em Scrum&#8221;! Voc\u00ea \u00e9 um profissional de TI apaixonado por agilidade e efici\u00eancia? Est\u00e1 buscando melhorar suas habilidades em gerenciamento de projetos e adotar a metodologia Scrum? Ent\u00e3o voc\u00ea est\u00e1 no lugar certo! Estamos oferecendo a oportunidade exclusiva de se inscrever [&hellip;]\" \/>\n<meta property=\"og:url\" content=\"https:\/\/www.wljtreinamentos.com.br\/wordpress\/manifesto_agil\/\" \/>\n<meta property=\"og:site_name\" content=\"Treinamentos em Gest\u00e3o \u00c1geis\" \/>\n<meta property=\"article:modified_time\" content=\"2023-06-04T14:38:44+00:00\" \/>\n<meta property=\"og:image\" content=\"https:\/\/www.wljtreinamentos.com.br\/wordpress\/wp-content\/uploads\/2023\/06\/1913848_4c58.jpg\" \/>\n\t<meta property=\"og:image:width\" content=\"750\" \/>\n\t<meta property=\"og:image:height\" content=\"422\" \/>\n\t<meta property=\"og:image:type\" content=\"image\/jpeg\" \/>\n<meta name=\"twitter:card\" content=\"summary_large_image\" \/>\n<meta name=\"twitter:label1\" content=\"Est. tempo de leitura\" \/>\n\t<meta name=\"twitter:data1\" content=\"3 minutos\" \/>\n<script type=\"application\/ld+json\" class=\"yoast-schema-graph\">{\"@context\":\"https:\\\/\\\/schema.org\",\"@graph\":[{\"@type\":\"WebPage\",\"@id\":\"https:\\\/\\\/www.wljtreinamentos.com.br\\\/wordpress\\\/manifesto_agil\\\/\",\"url\":\"https:\\\/\\\/www.wljtreinamentos.com.br\\\/wordpress\\\/manifesto_agil\\\/\",\"name\":\"Conquiste Sua Certifica\u00e7\u00e3o PSM-I com o Scrum: Fa\u00e7a parte da nossa Lista VIP! - Treinamentos em Gest\u00e3o \u00c1geis\",\"isPartOf\":{\"@id\":\"https:\\\/\\\/www.wljtreinamentos.com.br\\\/wordpress\\\/#website\"},\"primaryImageOfPage\":{\"@id\":\"https:\\\/\\\/www.wljtreinamentos.com.br\\\/wordpress\\\/manifesto_agil\\\/#primaryimage\"},\"image\":{\"@id\":\"https:\\\/\\\/www.wljtreinamentos.com.br\\\/wordpress\\\/manifesto_agil\\\/#primaryimage\"},\"thumbnailUrl\":\"https:\\\/\\\/www.wljtreinamentos.com.br\\\/wordpress\\\/wp-content\\\/uploads\\\/2023\\\/06\\\/1913848_4c58.jpg\",\"datePublished\":\"2023-06-04T03:03:30+00:00\",\"dateModified\":\"2023-06-04T14:38:44+00:00\",\"breadcrumb\":{\"@id\":\"https:\\\/\\\/www.wljtreinamentos.com.br\\\/wordpress\\\/manifesto_agil\\\/#breadcrumb\"},\"inLanguage\":\"pt-BR\",\"potentialAction\":[{\"@type\":\"ReadAction\",\"target\":[\"https:\\\/\\\/www.wljtreinamentos.com.br\\\/wordpress\\\/manifesto_agil\\\/\"]}]},{\"@type\":\"ImageObject\",\"inLanguage\":\"pt-BR\",\"@id\":\"https:\\\/\\\/www.wljtreinamentos.com.br\\\/wordpress\\\/manifesto_agil\\\/#primaryimage\",\"url\":\"https:\\\/\\\/www.wljtreinamentos.com.br\\\/wordpress\\\/wp-content\\\/uploads\\\/2023\\\/06\\\/1913848_4c58.jpg\",\"contentUrl\":\"https:\\\/\\\/www.wljtreinamentos.com.br\\\/wordpress\\\/wp-content\\\/uploads\\\/2023\\\/06\\\/1913848_4c58.jpg\",\"width\":750,\"height\":422},{\"@type\":\"BreadcrumbList\",\"@id\":\"https:\\\/\\\/www.wljtreinamentos.com.br\\\/wordpress\\\/manifesto_agil\\\/#breadcrumb\",\"itemListElement\":[{\"@type\":\"ListItem\",\"position\":1,\"name\":\"In\u00edcio\",\"item\":\"https:\\\/\\\/www.wljtreinamentos.com.br\\\/wordpress\\\/\"},{\"@type\":\"ListItem\",\"position\":2,\"name\":\"Conquiste Sua Certifica\u00e7\u00e3o PSM-I com o Scrum: Fa\u00e7a parte da nossa Lista VIP!\"}]},{\"@type\":\"WebSite\",\"@id\":\"https:\\\/\\\/www.wljtreinamentos.com.br\\\/wordpress\\\/#website\",\"url\":\"https:\\\/\\\/www.wljtreinamentos.com.br\\\/wordpress\\\/\",\"name\":\"Wlj Treinamentos\",\"description\":\"\",\"publisher\":{\"@id\":\"https:\\\/\\\/www.wljtreinamentos.com.br\\\/wordpress\\\/#\\\/schema\\\/person\\\/20958f62d38d67ece73bd786460fc38b\"},\"potentialAction\":[{\"@type\":\"SearchAction\",\"target\":{\"@type\":\"EntryPoint\",\"urlTemplate\":\"https:\\\/\\\/www.wljtreinamentos.com.br\\\/wordpress\\\/?s={search_term_string}\"},\"query-input\":{\"@type\":\"PropertyValueSpecification\",\"valueRequired\":true,\"valueName\":\"search_term_string\"}}],\"inLanguage\":\"pt-BR\"},{\"@type\":[\"Person\",\"Organization\"],\"@id\":\"https:\\\/\\\/www.wljtreinamentos.com.br\\\/wordpress\\\/#\\\/schema\\\/person\\\/20958f62d38d67ece73bd786460fc38b\",\"name\":\"William\",\"image\":{\"@type\":\"ImageObject\",\"inLanguage\":\"pt-BR\",\"@id\":\"https:\\\/\\\/www.wljtreinamentos.com.br\\\/wordpress\\\/wp-content\\\/uploads\\\/2023\\\/08\\\/34504526_transparent.png\",\"url\":\"https:\\\/\\\/www.wljtreinamentos.com.br\\\/wordpress\\\/wp-content\\\/uploads\\\/2023\\\/08\\\/34504526_transparent.png\",\"contentUrl\":\"https:\\\/\\\/www.wljtreinamentos.com.br\\\/wordpress\\\/wp-content\\\/uploads\\\/2023\\\/08\\\/34504526_transparent.png\",\"width\":2000,\"height\":2000,\"caption\":\"William\"},\"logo\":{\"@id\":\"https:\\\/\\\/www.wljtreinamentos.com.br\\\/wordpress\\\/wp-content\\\/uploads\\\/2023\\\/08\\\/34504526_transparent.png\"},\"sameAs\":[\"https:\\\/\\\/www.wljtreinamentos.com.br\\\/wordpress\"]}]}<\/script>\n<!-- \/ Yoast SEO plugin. -->","yoast_head_json":{"title":"Conquiste Sua Certifica\u00e7\u00e3o PSM-I com o Scrum: Fa\u00e7a parte da nossa Lista VIP! - Treinamentos em Gest\u00e3o \u00c1geis","robots":{"index":"index","follow":"follow","max-snippet":"max-snippet:-1","max-image-preview":"max-image-preview:large","max-video-preview":"max-video-preview:-1"},"canonical":"https:\/\/www.wljtreinamentos.com.br\/wordpress\/manifesto_agil\/","og_locale":"pt_BR","og_type":"article","og_title":"Conquiste Sua Certifica\u00e7\u00e3o PSM-I com o Scrum: Fa\u00e7a parte da nossa Lista VIP! - Treinamentos em Gest\u00e3o \u00c1geis","og_description":"Cadastre-se agora e receba GRATUITAMENTE o e-book &#8220;O Manifesto \u00c1gil e as Principais Certifica\u00e7\u00f5es em Scrum&#8221;! Voc\u00ea \u00e9 um profissional de TI apaixonado por agilidade e efici\u00eancia? Est\u00e1 buscando melhorar suas habilidades em gerenciamento de projetos e adotar a metodologia Scrum? Ent\u00e3o voc\u00ea est\u00e1 no lugar certo! Estamos oferecendo a oportunidade exclusiva de se inscrever [&hellip;]","og_url":"https:\/\/www.wljtreinamentos.com.br\/wordpress\/manifesto_agil\/","og_site_name":"Treinamentos em Gest\u00e3o \u00c1geis","article_modified_time":"2023-06-04T14:38:44+00:00","og_image":[{"width":750,"height":422,"url":"https:\/\/www.wljtreinamentos.com.br\/wordpress\/wp-content\/uploads\/2023\/06\/1913848_4c58.jpg","type":"image\/jpeg"}],"twitter_card":"summary_large_image","twitter_misc":{"Est. tempo de leitura":"3 minutos"},"schema":{"@context":"https:\/\/schema.org","@graph":[{"@type":"WebPage","@id":"https:\/\/www.wljtreinamentos.com.br\/wordpress\/manifesto_agil\/","url":"https:\/\/www.wljtreinamentos.com.br\/wordpress\/manifesto_agil\/","name":"Conquiste Sua Certifica\u00e7\u00e3o PSM-I com o Scrum: Fa\u00e7a parte da nossa Lista VIP! - Treinamentos em Gest\u00e3o \u00c1geis","isPartOf":{"@id":"https:\/\/www.wljtreinamentos.com.br\/wordpress\/#website"},"primaryImageOfPage":{"@id":"https:\/\/www.wljtreinamentos.com.br\/wordpress\/manifesto_agil\/#primaryimage"},"image":{"@id":"https:\/\/www.wljtreinamentos.com.br\/wordpress\/manifesto_agil\/#primaryimage"},"thumbnailUrl":"https:\/\/www.wljtreinamentos.com.br\/wordpress\/wp-content\/uploads\/2023\/06\/1913848_4c58.jpg","datePublished":"2023-06-04T03:03:30+00:00","dateModified":"2023-06-04T14:38:44+00:00","breadcrumb":{"@id":"https:\/\/www.wljtreinamentos.com.br\/wordpress\/manifesto_agil\/#breadcrumb"},"inLanguage":"pt-BR","potentialAction":[{"@type":"ReadAction","target":["https:\/\/www.wljtreinamentos.com.br\/wordpress\/manifesto_agil\/"]}]},{"@type":"ImageObject","inLanguage":"pt-BR","@id":"https:\/\/www.wljtreinamentos.com.br\/wordpress\/manifesto_agil\/#primaryimage","url":"https:\/\/www.wljtreinamentos.com.br\/wordpress\/wp-content\/uploads\/2023\/06\/1913848_4c58.jpg","contentUrl":"https:\/\/www.wljtreinamentos.com.br\/wordpress\/wp-content\/uploads\/2023\/06\/1913848_4c58.jpg","width":750,"height":422},{"@type":"BreadcrumbList","@id":"https:\/\/www.wljtreinamentos.com.br\/wordpress\/manifesto_agil\/#breadcrumb","itemListElement":[{"@type":"ListItem","position":1,"name":"In\u00edcio","item":"https:\/\/www.wljtreinamentos.com.br\/wordpress\/"},{"@type":"ListItem","position":2,"name":"Conquiste Sua Certifica\u00e7\u00e3o PSM-I com o Scrum: Fa\u00e7a parte da nossa Lista VIP!"}]},{"@type":"WebSite","@id":"https:\/\/www.wljtreinamentos.com.br\/wordpress\/#website","url":"https:\/\/www.wljtreinamentos.com.br\/wordpress\/","name":"Wlj Treinamentos","description":"","publisher":{"@id":"https:\/\/www.wljtreinamentos.com.br\/wordpress\/#\/schema\/person\/20958f62d38d67ece73bd786460fc38b"},"potentialAction":[{"@type":"SearchAction","target":{"@type":"EntryPoint","urlTemplate":"https:\/\/www.wljtreinamentos.com.br\/wordpress\/?s={search_term_string}"},"query-input":{"@type":"PropertyValueSpecification","valueRequired":true,"valueName":"search_term_string"}}],"inLanguage":"pt-BR"},{"@type":["Person","Organization"],"@id":"https:\/\/www.wljtreinamentos.com.br\/wordpress\/#\/schema\/person\/20958f62d38d67ece73bd786460fc38b","name":"William","image":{"@type":"ImageObject","inLanguage":"pt-BR","@id":"https:\/\/www.wljtreinamentos.com.br\/wordpress\/wp-content\/uploads\/2023\/08\/34504526_transparent.png","url":"https:\/\/www.wljtreinamentos.com.br\/wordpress\/wp-content\/uploads\/2023\/08\/34504526_transparent.png","contentUrl":"https:\/\/www.wljtreinamentos.com.br\/wordpress\/wp-content\/uploads\/2023\/08\/34504526_transparent.png","width":2000,"height":2000,"caption":"William"},"logo":{"@id":"https:\/\/www.wljtreinamentos.com.br\/wordpress\/wp-content\/uploads\/2023\/08\/34504526_transparent.png"},"sameAs":["https:\/\/www.wljtreinamentos.com.br\/wordpress"]}]}},"_links":{"self":[{"href":"https:\/\/www.wljtreinamentos.com.br\/wordpress\/wp-json\/wp\/v2\/pages\/25","targetHints":{"allow":["GET"]}}],"collection":[{"href":"https:\/\/www.wljtreinamentos.com.br\/wordpress\/wp-json\/wp\/v2\/pages"}],"about":[{"href":"https:\/\/www.wljtreinamentos.com.br\/wordpress\/wp-json\/wp\/v2\/types\/page"}],"author":[{"embeddable":true,"href":"https:\/\/www.wljtreinamentos.com.br\/wordpress\/wp-json\/wp\/v2\/users\/1"}],"replies":[{"embeddable":true,"href":"https:\/\/www.wljtreinamentos.com.br\/wordpress\/wp-json\/wp\/v2\/comments?post=25"}],"version-history":[{"count":6,"href":"https:\/\/www.wljtreinamentos.com.br\/wordpress\/wp-json\/wp\/v2\/pages\/25\/revisions"}],"predecessor-version":[{"id":36,"href":"https:\/\/www.wljtreinamentos.com.br\/wordpress\/wp-json\/wp\/v2\/pages\/25\/revisions\/36"}],"wp:featuredmedia":[{"embeddable":true,"href":"https:\/\/www.wljtreinamentos.com.br\/wordpress\/wp-json\/wp\/v2\/media\/33"}],"wp:attachment":[{"href":"https:\/\/www.wljtreinamentos.com.br\/wordpress\/wp-json\/wp\/v2\/media?parent=25"}],"curies":[{"name":"wp","href":"https:\/\/api.w.org\/{rel}","templated":true}]}}