{"id":120,"date":"2023-07-30T21:42:23","date_gmt":"2023-07-31T00:42:23","guid":{"rendered":"https:\/\/www.wljtreinamentos.com.br\/wordpress\/?page_id=120"},"modified":"2023-11-01T21:30:38","modified_gmt":"2023-11-02T00:30:38","slug":"formacao-em-scrum-preparatorio-para-a-certificacao-pspo-i","status":"publish","type":"page","link":"https:\/\/www.wljtreinamentos.com.br\/wordpress\/","title":{"rendered":"Forma\u00e7\u00e3o em Scrum &#8211; Preparat\u00f3rio para a Certifica\u00e7\u00e3o PSPO-I"},"content":{"rendered":"\r\n<h3 class=\"wp-block-heading\">Voc\u00ea, profissional de Produtos, que \u00e9 movido pela paix\u00e3o de fazer a diferen\u00e7a, voc\u00ea que est\u00e1 sempre em busca de crescimento e destaque em um mercado cada vez mais competitivo, este \u00e9 o seu momento. Sua busca pelo pr\u00f3ximo grande passo em sua carreira termina aqui.<\/h3>\r\n\r\n\r\n\r\n<p>Com grande orgulho, apresentamos a voc\u00ea o curso online &#8220;Forma\u00e7\u00e3o em Scrum &#8211; Preparat\u00f3rio para a Certifica\u00e7\u00e3o PSPO-I&#8221;. Este n\u00e3o \u00e9 apenas mais um curso. \u00c9 um passaporte para um novo patamar em sua carreira.<\/p>\r\n\r\n\r\n\r\n<p>Projetado meticulosamente para cobrir todos os aspectos essenciais do Scrum e prepar\u00e1-lo para a certifica\u00e7\u00e3o PSPO-I, este curso \u00e9 o seu atalho para a excel\u00eancia profissional.<\/p>\r\n\r\n\r\n\r\n<p>Imagine poder comandar a aten\u00e7\u00e3o e o respeito de seus colegas e superiores com suas habilidades avan\u00e7adas de gerenciamento de projetos. Imagine ter uma certifica\u00e7\u00e3o internacionalmente reconhecida que ressalta o seu compromisso com a qualidade e a excel\u00eancia.<\/p>\r\n\r\n\r\n\r\n<p>Seu guia nesta jornada ser\u00e1 William, um profissional de TI com mais de duas d\u00e9cadas de experi\u00eancia diversificada, que inclui Educa\u00e7\u00e3o, An\u00e1lise de Requisitos, Desenvolvimento de Sistemas, Gest\u00e3o de Projetos e Sustenta\u00e7\u00e3o de sistemas legados.<\/p>\r\n\r\n\r\n\r\n<p>Com as certifica\u00e7\u00f5es Professional Scrum Master e Professional Scrum Product Owner da Scrum.org em seu curr\u00edculo, William n\u00e3o \u00e9 apenas um instrutor, mas um mentor que lhe fornecer\u00e1 insights valiosos e compartilhar\u00e1 experi\u00eancias pr\u00e1ticas que o ajudar\u00e3o a entender e aplicar os conceitos de Scrum de forma eficaz.<\/p>\r\n<p><iframe title=\"Forma\u00e7\u00e3o em Scrum - Preparat\u00f3rio para a Certifica\u00e7\u00e3o PSPO-I\" width=\"648\" height=\"365\" src=\"https:\/\/www.youtube.com\/embed\/UKahN68WTuM?feature=oembed\" frameborder=\"0\" allow=\"accelerometer; autoplay; clipboard-write; encrypted-media; gyroscope; picture-in-picture; web-share\" referrerpolicy=\"strict-origin-when-cross-origin\" allowfullscreen><\/iframe><\/p>\r\n\r\n\r\n\r\n<p>Este tesouro de conhecimento e potencial de crescimento profissional est\u00e1 dispon\u00edvel para voc\u00ea por um valor surpreendentemente acess\u00edvel de R$ 27,90. Sim, voc\u00ea ouviu certo. Todo o conhecimento, habilidades, estrat\u00e9gias e a prepara\u00e7\u00e3o para a certifica\u00e7\u00e3o PSPO-I por apenas R$ 27,90!<\/p>\r\n\r\n\r\n\r\n<h3 class=\"wp-block-heading\">Al\u00e9m disso, este curso \u00e9 seu para sempre. Acesso perp\u00e9tuo. Sem limites. Aprenda no seu pr\u00f3prio ritmo e volte ao conte\u00fado sempre que precisar refrescar a mem\u00f3ria.<\/h3>\r\n\r\n\r\n\r\n<p>Ainda duvidoso? Temos uma garantia de devolu\u00e7\u00e3o do dinheiro de 30 dias. Isso mesmo. Se, por algum motivo, voc\u00ea n\u00e3o ficar satisfeito, devolveremos cada centavo do seu investimento.<\/p>\r\n\r\n\r\n\r\n<h2 class=\"wp-block-heading\"><strong>O QUE VOC\u00ca VAI APRENDER<\/strong><\/h2>\r\n\r\n\r\n\r\n<p>Este curso abrange, mas n\u00e3o se limita a:<\/p>\r\n\r\n\r\n\r\n<ul class=\"wp-block-list\">\r\n<li>As ra\u00edzes e a teoria do Scrum: Compreenda a base sobre a qual o Scrum foi constru\u00eddo.<\/li>\r\n\r\n\r\n\r\n<li>Mindset de Projeto X Mindset de Produto: Mergulhe na mentalidade que transformar\u00e1 a maneira como voc\u00ea aborda os projetos.<\/li>\r\n\r\n\r\n\r\n<li>Gest\u00e3o de Produtos e o papel do Dono do Produto: Conhe\u00e7a a espinha dorsal da implementa\u00e7\u00e3o bem-sucedida do Scrum.<\/li>\r\n\r\n\r\n\r\n<li>Defini\u00e7\u00e3o de Valor e Valida\u00e7\u00e3o do Produto: Domine a arte de entregar o valor m\u00e1ximo ao cliente.<\/li>\r\n\r\n\r\n\r\n<li>T\u00e9cnicas de ordena\u00e7\u00e3o e estimativa do Backlog do Produto: Aprenda a organizar e priorizar como um profissional.<\/li>\r\n\r\n\r\n\r\n<li>Gerenciamento de Release: Gerencie releases de produtos como um profissional experiente.<\/li>\r\n<\/ul>\r\n\r\n\r\n\r\n<h2 class=\"wp-block-heading\"><strong>PERGUNTAS FREQUENTES<\/strong><\/h2>\r\n\r\n\r\n\r\n<p>Aqui respondemos algumas das perguntas mais comuns:<\/p>\r\n\r\n\r\n\r\n<p><strong>Como terei acesso ao curso? <\/strong><\/p>\r\n\r\n\r\n\r\n<p>O curso est\u00e1 hospedado na Udemy, uma das maiores plataformas de treinamento do mundo.<\/p>\r\n\r\n\r\n\r\n<p><strong>O curso \u00e9 atualizado regularmente? <\/strong><\/p>\r\n\r\n\r\n\r\n<p>Sim, atualizamos o curso regularmente com as \u00faltimas tend\u00eancias e pr\u00e1ticas recomendadas em gerenciamento de projetos \u00e1geis.<\/p>\r\n\r\n\r\n\r\n<p><strong>Quanto tempo tenho para completar o curso? <\/strong><\/p>\r\n\r\n\r\n\r\n<p>O curso \u00e9 de acesso perp\u00e9tuo. Voc\u00ea pode estudar no seu pr\u00f3prio ritmo e voltar ao conte\u00fado sempre que precisar.<\/p>\r\n\r\n\r\n\r\n<h2 class=\"wp-block-heading\">N\u00c3O PERCA ESSA OPORTUNIDADE \u00daNICA!!!<\/h2>\r\n\r\n\r\n\r\n<p>Agora, a decis\u00e3o est\u00e1 em suas m\u00e3os. Voc\u00ea pode dar um passo em dire\u00e7\u00e3o ao seu sucesso profissional ou pode deixar esta oportunidade passar.<\/p>\r\n\r\n\r\n\r\n<p>N\u00e3o se contente com menos. D\u00ea o pr\u00f3ximo passo em sua jornada para a excel\u00eancia em gerenciamento de projetos. Clique no bot\u00e3o abaixo e inscreva-se agora mesmo no nosso &#8220;Forma\u00e7\u00e3o em Scrum &#8211; Preparat\u00f3rio para a Certifica\u00e7\u00e3o PSPO-I&#8221;.<\/p>\r\n\r\n\r\n\r\n<p>Seja r\u00e1pido! Nosso pre\u00e7o promocional de <strong>12 X R$ 9,70<\/strong> \u00e9 por tempo limitado. Inscreva-se agora e comece a construir a carreira com que sempre sonhou!<\/p>\r\n\r\n\r\n\r\n<div class=\"wp-block-buttons is-layout-flex wp-block-buttons-is-layout-flex\">\r\n<div class=\"wp-block-button\"><a class=\"wp-block-button__link wp-element-button\" href=\"https:\/\/www.wljtreinamentos.com.br\/wordpress\/treinamento-formacao-pspo-i\/\">Inscreva-se Agora!!!<\/a><\/div>\r\n<\/div>\r\n","protected":false},"excerpt":{"rendered":"<p>Voc\u00ea, profissional de Produtos, que \u00e9 movido pela paix\u00e3o de fazer a diferen\u00e7a, voc\u00ea que est\u00e1 sempre em busca de crescimento e destaque em um mercado cada vez mais competitivo, este \u00e9 o seu momento. Sua busca pelo pr\u00f3ximo grande passo em sua carreira termina aqui. Com grande orgulho, apresentamos a voc\u00ea o curso online [&hellip;]<\/p>\n","protected":false},"author":1,"featured_media":0,"parent":0,"menu_order":0,"comment_status":"closed","ping_status":"closed","template":"","meta":{"_monsterinsights_skip_tracking":false,"_monsterinsights_sitenote_active":false,"_monsterinsights_sitenote_note":"","_monsterinsights_sitenote_category":0,"footnotes":""},"class_list":["post-120","page","type-page","status-publish","hentry"],"yoast_head":"<!-- This site is optimized with the Yoast SEO plugin v27.4 - https:\/\/yoast.com\/product\/yoast-seo-wordpress\/ -->\n<title>Forma\u00e7\u00e3o em Scrum - Preparat\u00f3rio para a Certifica\u00e7\u00e3o PSPO-I - Treinamentos em Gest\u00e3o \u00c1geis<\/title>\n<meta name=\"robots\" content=\"index, follow, max-snippet:-1, max-image-preview:large, max-video-preview:-1\" \/>\n<link rel=\"canonical\" href=\"https:\/\/www.wljtreinamentos.com.br\/wordpress\/\" \/>\n<meta property=\"og:locale\" content=\"pt_BR\" \/>\n<meta property=\"og:type\" content=\"article\" \/>\n<meta property=\"og:title\" content=\"Forma\u00e7\u00e3o em Scrum - Preparat\u00f3rio para a Certifica\u00e7\u00e3o PSPO-I - Treinamentos em Gest\u00e3o \u00c1geis\" \/>\n<meta property=\"og:description\" content=\"Voc\u00ea, profissional de Produtos, que \u00e9 movido pela paix\u00e3o de fazer a diferen\u00e7a, voc\u00ea que est\u00e1 sempre em busca de crescimento e destaque em um mercado cada vez mais competitivo, este \u00e9 o seu momento. Sua busca pelo pr\u00f3ximo grande passo em sua carreira termina aqui. Com grande orgulho, apresentamos a voc\u00ea o curso online [&hellip;]\" \/>\n<meta property=\"og:url\" content=\"https:\/\/www.wljtreinamentos.com.br\/wordpress\/\" \/>\n<meta property=\"og:site_name\" content=\"Treinamentos em Gest\u00e3o \u00c1geis\" \/>\n<meta property=\"article:modified_time\" content=\"2023-11-02T00:30:38+00:00\" \/>\n<meta name=\"twitter:card\" content=\"summary_large_image\" \/>\n<meta name=\"twitter:label1\" content=\"Est. tempo de leitura\" \/>\n\t<meta name=\"twitter:data1\" content=\"4 minutos\" \/>\n<script type=\"application\/ld+json\" class=\"yoast-schema-graph\">{\"@context\":\"https:\\\/\\\/schema.org\",\"@graph\":[{\"@type\":\"WebPage\",\"@id\":\"https:\\\/\\\/www.wljtreinamentos.com.br\\\/wordpress\\\/\",\"url\":\"https:\\\/\\\/www.wljtreinamentos.com.br\\\/wordpress\\\/\",\"name\":\"Forma\u00e7\u00e3o em Scrum - Preparat\u00f3rio para a Certifica\u00e7\u00e3o PSPO-I - Treinamentos em Gest\u00e3o \u00c1geis\",\"isPartOf\":{\"@id\":\"https:\\\/\\\/www.wljtreinamentos.com.br\\\/wordpress\\\/#website\"},\"datePublished\":\"2023-07-31T00:42:23+00:00\",\"dateModified\":\"2023-11-02T00:30:38+00:00\",\"breadcrumb\":{\"@id\":\"https:\\\/\\\/www.wljtreinamentos.com.br\\\/wordpress\\\/#breadcrumb\"},\"inLanguage\":\"pt-BR\",\"potentialAction\":[{\"@type\":\"ReadAction\",\"target\":[\"https:\\\/\\\/www.wljtreinamentos.com.br\\\/wordpress\\\/\"]}]},{\"@type\":\"BreadcrumbList\",\"@id\":\"https:\\\/\\\/www.wljtreinamentos.com.br\\\/wordpress\\\/#breadcrumb\",\"itemListElement\":[{\"@type\":\"ListItem\",\"position\":1,\"name\":\"In\u00edcio\",\"item\":\"https:\\\/\\\/www.wljtreinamentos.com.br\\\/wordpress\\\/\"},{\"@type\":\"ListItem\",\"position\":2,\"name\":\"Forma\u00e7\u00e3o em Scrum &#8211; Preparat\u00f3rio para a Certifica\u00e7\u00e3o PSPO-I\"}]},{\"@type\":\"WebSite\",\"@id\":\"https:\\\/\\\/www.wljtreinamentos.com.br\\\/wordpress\\\/#website\",\"url\":\"https:\\\/\\\/www.wljtreinamentos.com.br\\\/wordpress\\\/\",\"name\":\"Wlj Treinamentos\",\"description\":\"\",\"publisher\":{\"@id\":\"https:\\\/\\\/www.wljtreinamentos.com.br\\\/wordpress\\\/#\\\/schema\\\/person\\\/20958f62d38d67ece73bd786460fc38b\"},\"potentialAction\":[{\"@type\":\"SearchAction\",\"target\":{\"@type\":\"EntryPoint\",\"urlTemplate\":\"https:\\\/\\\/www.wljtreinamentos.com.br\\\/wordpress\\\/?s={search_term_string}\"},\"query-input\":{\"@type\":\"PropertyValueSpecification\",\"valueRequired\":true,\"valueName\":\"search_term_string\"}}],\"inLanguage\":\"pt-BR\"},{\"@type\":[\"Person\",\"Organization\"],\"@id\":\"https:\\\/\\\/www.wljtreinamentos.com.br\\\/wordpress\\\/#\\\/schema\\\/person\\\/20958f62d38d67ece73bd786460fc38b\",\"name\":\"William\",\"image\":{\"@type\":\"ImageObject\",\"inLanguage\":\"pt-BR\",\"@id\":\"https:\\\/\\\/www.wljtreinamentos.com.br\\\/wordpress\\\/wp-content\\\/uploads\\\/2023\\\/08\\\/34504526_transparent.png\",\"url\":\"https:\\\/\\\/www.wljtreinamentos.com.br\\\/wordpress\\\/wp-content\\\/uploads\\\/2023\\\/08\\\/34504526_transparent.png\",\"contentUrl\":\"https:\\\/\\\/www.wljtreinamentos.com.br\\\/wordpress\\\/wp-content\\\/uploads\\\/2023\\\/08\\\/34504526_transparent.png\",\"width\":2000,\"height\":2000,\"caption\":\"William\"},\"logo\":{\"@id\":\"https:\\\/\\\/www.wljtreinamentos.com.br\\\/wordpress\\\/wp-content\\\/uploads\\\/2023\\\/08\\\/34504526_transparent.png\"},\"sameAs\":[\"https:\\\/\\\/www.wljtreinamentos.com.br\\\/wordpress\"]}]}<\/script>\n<!-- \/ Yoast SEO plugin. -->","yoast_head_json":{"title":"Forma\u00e7\u00e3o em Scrum - Preparat\u00f3rio para a Certifica\u00e7\u00e3o PSPO-I - Treinamentos em Gest\u00e3o \u00c1geis","robots":{"index":"index","follow":"follow","max-snippet":"max-snippet:-1","max-image-preview":"max-image-preview:large","max-video-preview":"max-video-preview:-1"},"canonical":"https:\/\/www.wljtreinamentos.com.br\/wordpress\/","og_locale":"pt_BR","og_type":"article","og_title":"Forma\u00e7\u00e3o em Scrum - Preparat\u00f3rio para a Certifica\u00e7\u00e3o PSPO-I - Treinamentos em Gest\u00e3o \u00c1geis","og_description":"Voc\u00ea, profissional de Produtos, que \u00e9 movido pela paix\u00e3o de fazer a diferen\u00e7a, voc\u00ea que est\u00e1 sempre em busca de crescimento e destaque em um mercado cada vez mais competitivo, este \u00e9 o seu momento. Sua busca pelo pr\u00f3ximo grande passo em sua carreira termina aqui. Com grande orgulho, apresentamos a voc\u00ea o curso online [&hellip;]","og_url":"https:\/\/www.wljtreinamentos.com.br\/wordpress\/","og_site_name":"Treinamentos em Gest\u00e3o \u00c1geis","article_modified_time":"2023-11-02T00:30:38+00:00","twitter_card":"summary_large_image","twitter_misc":{"Est. tempo de leitura":"4 minutos"},"schema":{"@context":"https:\/\/schema.org","@graph":[{"@type":"WebPage","@id":"https:\/\/www.wljtreinamentos.com.br\/wordpress\/","url":"https:\/\/www.wljtreinamentos.com.br\/wordpress\/","name":"Forma\u00e7\u00e3o em Scrum - Preparat\u00f3rio para a Certifica\u00e7\u00e3o PSPO-I - Treinamentos em Gest\u00e3o \u00c1geis","isPartOf":{"@id":"https:\/\/www.wljtreinamentos.com.br\/wordpress\/#website"},"datePublished":"2023-07-31T00:42:23+00:00","dateModified":"2023-11-02T00:30:38+00:00","breadcrumb":{"@id":"https:\/\/www.wljtreinamentos.com.br\/wordpress\/#breadcrumb"},"inLanguage":"pt-BR","potentialAction":[{"@type":"ReadAction","target":["https:\/\/www.wljtreinamentos.com.br\/wordpress\/"]}]},{"@type":"BreadcrumbList","@id":"https:\/\/www.wljtreinamentos.com.br\/wordpress\/#breadcrumb","itemListElement":[{"@type":"ListItem","position":1,"name":"In\u00edcio","item":"https:\/\/www.wljtreinamentos.com.br\/wordpress\/"},{"@type":"ListItem","position":2,"name":"Forma\u00e7\u00e3o em Scrum &#8211; Preparat\u00f3rio para a Certifica\u00e7\u00e3o PSPO-I"}]},{"@type":"WebSite","@id":"https:\/\/www.wljtreinamentos.com.br\/wordpress\/#website","url":"https:\/\/www.wljtreinamentos.com.br\/wordpress\/","name":"Wlj Treinamentos","description":"","publisher":{"@id":"https:\/\/www.wljtreinamentos.com.br\/wordpress\/#\/schema\/person\/20958f62d38d67ece73bd786460fc38b"},"potentialAction":[{"@type":"SearchAction","target":{"@type":"EntryPoint","urlTemplate":"https:\/\/www.wljtreinamentos.com.br\/wordpress\/?s={search_term_string}"},"query-input":{"@type":"PropertyValueSpecification","valueRequired":true,"valueName":"search_term_string"}}],"inLanguage":"pt-BR"},{"@type":["Person","Organization"],"@id":"https:\/\/www.wljtreinamentos.com.br\/wordpress\/#\/schema\/person\/20958f62d38d67ece73bd786460fc38b","name":"William","image":{"@type":"ImageObject","inLanguage":"pt-BR","@id":"https:\/\/www.wljtreinamentos.com.br\/wordpress\/wp-content\/uploads\/2023\/08\/34504526_transparent.png","url":"https:\/\/www.wljtreinamentos.com.br\/wordpress\/wp-content\/uploads\/2023\/08\/34504526_transparent.png","contentUrl":"https:\/\/www.wljtreinamentos.com.br\/wordpress\/wp-content\/uploads\/2023\/08\/34504526_transparent.png","width":2000,"height":2000,"caption":"William"},"logo":{"@id":"https:\/\/www.wljtreinamentos.com.br\/wordpress\/wp-content\/uploads\/2023\/08\/34504526_transparent.png"},"sameAs":["https:\/\/www.wljtreinamentos.com.br\/wordpress"]}]}},"_links":{"self":[{"href":"https:\/\/www.wljtreinamentos.com.br\/wordpress\/wp-json\/wp\/v2\/pages\/120","targetHints":{"allow":["GET"]}}],"collection":[{"href":"https:\/\/www.wljtreinamentos.com.br\/wordpress\/wp-json\/wp\/v2\/pages"}],"about":[{"href":"https:\/\/www.wljtreinamentos.com.br\/wordpress\/wp-json\/wp\/v2\/types\/page"}],"author":[{"embeddable":true,"href":"https:\/\/www.wljtreinamentos.com.br\/wordpress\/wp-json\/wp\/v2\/users\/1"}],"replies":[{"embeddable":true,"href":"https:\/\/www.wljtreinamentos.com.br\/wordpress\/wp-json\/wp\/v2\/comments?post=120"}],"version-history":[{"count":6,"href":"https:\/\/www.wljtreinamentos.com.br\/wordpress\/wp-json\/wp\/v2\/pages\/120\/revisions"}],"predecessor-version":[{"id":618,"href":"https:\/\/www.wljtreinamentos.com.br\/wordpress\/wp-json\/wp\/v2\/pages\/120\/revisions\/618"}],"wp:attachment":[{"href":"https:\/\/www.wljtreinamentos.com.br\/wordpress\/wp-json\/wp\/v2\/media?parent=120"}],"curies":[{"name":"wp","href":"https:\/\/api.w.org\/{rel}","templated":true}]}}